{"id":85,"date":"2022-04-08T15:49:38","date_gmt":"2022-04-08T21:49:38","guid":{"rendered":"http:\/\/legionhonduras.org\/?page_id=85"},"modified":"2024-12-26T01:33:32","modified_gmt":"2024-12-26T07:33:32","slug":"valores","status":"publish","type":"page","link":"https:\/\/legionhonduras.org\/en\/valores\/","title":{"rendered":"Values"},"content":{"rendered":"<p>[et_pb_section fb_built=&#8221;1&#8243; admin_label=&#8221;Vision Section&#8221; _builder_version=&#8221;4.16&#8243; _module_preset=&#8221;default&#8221; use_background_color_gradient=&#8221;on&#8221; background_color_gradient_stops=&#8221;#ffffff 50%|#232220 50%&#8221; background_color_gradient_start=&#8221;#ffffff&#8221; background_color_gradient_start_position=&#8221;50%&#8221; background_color_gradient_end=&#8221;#232220&#8243; background_color_gradient_end_position=&#8221;50%&#8221; custom_padding=&#8221;0|0px|80px|0px|false|false&#8221; global_colors_info=&#8221;{}&#8221;][et_pb_row _builder_version=&#8221;4.17.0&#8243; _module_preset=&#8221;default&#8221; background_color=&#8221;#00c3fd&#8221; custom_padding=&#8221;80px|40px|80px|40px|true|false&#8221; animation_style=&#8221;zoom&#8221; animation_intensity_zoom=&#8221;5%&#8221; border_radii=&#8221;on|8px|8px|8px|8px&#8221; box_shadow_style=&#8221;preset3&#8243; box_shadow_vertical=&#8221;110px&#8221; box_shadow_blur=&#8221;80px&#8221; box_shadow_spread=&#8221;-80px&#8221; box_shadow_color=&#8221;rgba(0,0,0,0.12)&#8221; global_colors_info=&#8221;{}&#8221;][et_pb_column type=&#8221;4_4&#8243; _builder_version=&#8221;4.16&#8243; _module_preset=&#8221;default&#8221; custom_padding=&#8221;|||&#8221; global_colors_info=&#8221;{}&#8221; custom_padding__hover=&#8221;|||&#8221;][et_pb_text _builder_version=&#8221;4.21.0&#8243; _module_preset=&#8221;default&#8221; text_font=&#8221;Lora||||||||&#8221; text_font_size=&#8221;18px&#8221; text_line_height=&#8221;2em&#8221; link_font=&#8221;||||||||&#8221; ul_font=&#8221;||||||||&#8221; ol_font=&#8221;||||||||&#8221; quote_font=&#8221;||||||||&#8221; header_font=&#8221;||||||||&#8221; header_2_font=&#8221;Lora|700|||||||&#8221; header_2_font_size=&#8221;50px&#8221; header_2_line_height=&#8221;1.5em&#8221; header_5_font=&#8221;Oswald|||on|||||&#8221; header_5_text_color=&#8221;rgba(255,255,255,0.4)&#8221; header_5_font_size=&#8221;20px&#8221; header_5_letter_spacing=&#8221;3px&#8221; header_5_line_height=&#8221;1.7em&#8221; text_orientation=&#8221;center&#8221; background_layout=&#8221;dark&#8221; max_width=&#8221;750px&#8221; module_alignment=&#8221;center&#8221; custom_padding=&#8221;|||&#8221; hover_enabled=&#8221;0&#8243; text_line_height_last_edited=&#8221;off|desktop&#8221; header_2_font_size_tablet=&#8221;&#8221; header_2_font_size_phone=&#8221;36px&#8221; header_2_font_size_last_edited=&#8221;on|desktop&#8221; global_colors_info=&#8221;{}&#8221; sticky_enabled=&#8221;0&#8243;]<\/p>\n<h2>Values<\/h2>\n<p style=\"text-align: left;\"><span>We are committed to our core values:<\/span><\/p>\n<ol>\n<li style=\"text-align: left;\"><span>Inclusion<\/span><\/li>\n<li style=\"text-align: left;\"><span>Innovation <\/span><\/li>\n<li style=\"text-align: left;\"><span>Transparency and accountability<\/span><\/li>\n<li style=\"text-align: left;\"><span>Independence <\/span><\/li>\n<li style=\"text-align: left;\"><span>Neutrality<\/span><\/li>\n<li style=\"text-align: left;\"><span>Freedom<\/span><\/li>\n<\/ol>\n<p style=\"text-align: justify;\">These values \u200b\u200bare found in all our actions, they are applied to each member and volunteer of our organization both in the workplace and in any other activity in favor of the most vulnerable.<\/p>\n<p>[\/et_pb_text][\/et_pb_column][\/et_pb_row][\/et_pb_section]<\/p>","protected":false},"excerpt":{"rendered":"<p>Valores Estamos comprometidos con nuestros valores centrales: Inclusi\u00f3n Innovaci\u00f3n Transparencia y rendici\u00f3n de cuentas Independencia Neutralidad Libertad Estos valores se encuentran en todas nuestras acciones, se aplican para cada miembro y voluntario de nuestra organizaci\u00f3n tanto en el lugar de trabajo como cualquier otra actividad a favor de los m\u00e1s vulnerables<\/p>","protected":false},"author":1,"featured_media":0,"parent":0,"menu_order":0,"comment_status":"closed","ping_status":"closed","template":"","meta":{"_et_pb_use_builder":"on","_et_pb_old_content":"","_et_gb_content_width":"","om_disable_all_campaigns":false,"_monsterinsights_skip_tracking":false,"_monsterinsights_sitenote_active":false,"_monsterinsights_sitenote_note":"","_monsterinsights_sitenote_category":0,"footnotes":""},"class_list":["post-85","page","type-page","status-publish","hentry"],"aioseo_notices":[],"_links":{"self":[{"href":"https:\/\/legionhonduras.org\/en\/wp-json\/wp\/v2\/pages\/85","targetHints":{"allow":["GET"]}}],"collection":[{"href":"https:\/\/legionhonduras.org\/en\/wp-json\/wp\/v2\/pages"}],"about":[{"href":"https:\/\/legionhonduras.org\/en\/wp-json\/wp\/v2\/types\/page"}],"author":[{"embeddable":true,"href":"https:\/\/legionhonduras.org\/en\/wp-json\/wp\/v2\/users\/1"}],"replies":[{"embeddable":true,"href":"https:\/\/legionhonduras.org\/en\/wp-json\/wp\/v2\/comments?post=85"}],"version-history":[{"count":6,"href":"https:\/\/legionhonduras.org\/en\/wp-json\/wp\/v2\/pages\/85\/revisions"}],"predecessor-version":[{"id":783,"href":"https:\/\/legionhonduras.org\/en\/wp-json\/wp\/v2\/pages\/85\/revisions\/783"}],"wp:attachment":[{"href":"https:\/\/legionhonduras.org\/en\/wp-json\/wp\/v2\/media?parent=85"}],"curies":[{"name":"wp","href":"https:\/\/api.w.org\/{rel}","templated":true}]}}